{"id":255,"date":"2025-03-18T08:32:32","date_gmt":"2025-03-18T07:32:32","guid":{"rendered":"https:\/\/laconquistadelpanda.noblogs.org\/?page_id=255"},"modified":"2025-05-01T12:06:01","modified_gmt":"2025-05-01T10:06:01","slug":"per-que-traduir-continguts-anarquistes","status":"publish","type":"page","link":"https:\/\/laconquistadelpanda.noblogs.org\/ca\/per-que-traduir-continguts-anarquistes\/","title":{"rendered":"\u00bfPer qu\u00e9 traduir continguts anarquistes?"},"content":{"rendered":"<p style=\"text-align: center\">(<a href=\"https:\/\/laconquistadelpanda.noblogs.org\/manifiesto\/por-que-traducir-contenidos-anarquistas\/\">Versi\u00f3n en espa\u00f1ol<\/a>)<\/p>\n<p style=\"text-align: center\">(<a href=\"https:\/\/laconquistadelpanda.noblogs.org\/en-US\/why-translate-anarchist-content\/\">English version<\/a>)<\/p>\n<p>Per a mi, continuar formant-me i desenrotllant-me \u00e9s una <strong>responsabilitat<\/strong> com a \u00e9sser hum\u00e0, un deure moral, en senyal de respecte pels nostres semblants (avantpassats, coetanis i descendents), i la resta de la biodiversitat.<\/p>\n<p>Crec que adquirir <strong>informaci\u00f3 rellevant<\/strong> \u00e9s fonamental perqu\u00e8 puguem entendre millor tant el m\u00f3n en el qual vivim, com a nosaltres mateixes i als altres, i fer que la nostra meravellosa i curta vida contribu\u00efsca a millorar-lo, no a empitjorar-lo.<\/p>\n<p>Forme part del <strong>poble valenci\u00e0<\/strong>, que no \u00e9s ni millor ni pitjor que qualsevol altre; \u00e9s particular; \u00e9s diferent; \u00e9s \u00fanic, com cada una de nosaltres. Com cada una de les estreles \u2728. Aix\u00ed, veig al conjunt de pobles del m\u00f3n com les estreles del firmament sota el qual vivim totes. I crec fermament que cada poble ha d'intentar continuar vivint i fer-ho de manera sostenible; i al seu torn, ha de permetre i fomentar que cada persona continue desenrotllant-se lliurement com a \u00e9sser hum\u00e0.<\/p>\n<p>Per aix\u00f2, veig l'<strong>Anarquia<\/strong> com la forma m\u00e9s c\u00edvica a la qual podem aspirar com a esp\u00e8cie per a viure de manera sostenible en societat; i el m\u00e8tode del qual, el cient\u00edfic (en cont\u00ednua evoluci\u00f3, sempre canviant i sota cap autoritat excepte les de les evid\u00e8ncies -comprovables per terceres-), com a manera d'arribar a decisions i acords en assumptes socials que ens concernixen a totes.<\/p>\n<p><img loading=\"lazy\" decoding=\"async\" class=\"size-medium wp-image-10 aligncenter\" src=\"https:\/\/laconquistadelpanda.noblogs.org\/files\/2025\/01\/cropped-flag-anarchist-symbol-cloudy-sky-260nw-2061975215-300x79.jpg\" alt=\"\" width=\"300\" height=\"79\" srcset=\"https:\/\/laconquistadelpanda.noblogs.org\/files\/2025\/01\/cropped-flag-anarchist-symbol-cloudy-sky-260nw-2061975215-300x79.jpg 300w, https:\/\/laconquistadelpanda.noblogs.org\/files\/2025\/01\/cropped-flag-anarchist-symbol-cloudy-sky-260nw-2061975215-768x202.jpg 768w, https:\/\/laconquistadelpanda.noblogs.org\/files\/2025\/01\/cropped-flag-anarchist-symbol-cloudy-sky-260nw-2061975215-500x132.jpg 500w, https:\/\/laconquistadelpanda.noblogs.org\/files\/2025\/01\/cropped-flag-anarchist-symbol-cloudy-sky-260nw-2061975215.jpg 950w\" sizes=\"auto, (max-width: 300px) 100vw, 300px\" \/><\/p>\n<hr \/>\n<h2><strong>Aix\u00ed que, traduir continguts anarquistes al valenci\u00e0 complix cinc objectius:<\/strong><\/h2>\n<ol>\n<li>Continuar aprenent sobre este corrent de pensament que arreplega els valors amb els quals em sent m\u00e9s identificat, i aix\u00ed millorar els meus arguments contra l'statu quo \ud83d\udcaa\ud83e\udde0.<\/li>\n<li>Donar lliure acc\u00e9s a tothom als continguts que faig, en un intent de fer el m\u00f3n un poc m\u00e9s lliure.<\/li>\n<li>Preservar i honrar la mem\u00f2ria d'aquelles persones que ja no estan entre nosaltres i van dedicar, fins i tot van donar la seua vida per un m\u00f3n millor per a totes (i que van ser sistem\u00e0ticament difamades, perseguides, empresonades, deportades, torturades, assassinades i silenciades en un macabre intent, que dura fins hui, d'esborrar l'anarquisme del patrimoni cultural dels pobles del m\u00f3n) i a totes aquelles que hui dia el continuen intentant \u2764\ufe0f.<\/li>\n<li>Mantindre viva la flama \ud83d\udd25 de la cultura valenciana, la seua llengua, perqu\u00e8 continue brillant \u2728 en el firmament de les tribus de la humanitat \ud83c\udf0d.<\/li>\n<li>Crear un mitj\u00e0 perqu\u00e8 les persones del meu poble puguen tindre la llibertat de continuar desenrotllant-se com a individus; la llibertat d'exposar-se i acostar-se a estes idees que d'una altra forma mai haurien contemplat (i menys en la seua llengua materna), ajudant-los a continuar desenrotllant la seua capacitat de pensament cr\u00edtic i el vincle racional-emocional entre estes idees, imprescindible per a un canvi real.<\/li>\n<\/ol>\n<hr \/>\n<h2><strong>D'ac\u00ed el sistema que est\u00e0 sorgint per a complir estes finalitats o objectius:<\/strong><\/h2>\n<ul>\n<li>Crear una versi\u00f3 catalana lliure, col\u00b7laborativa i autogestionada de La Biblioteca Anarquista, on anar allotjant els nostres treballs i els d'aquelles que vulguen col\u00b7laborar \ud83d\udc9c<\/li>\n<li>Publicar en este blog i en les nostres xarxes socials de <a href=\"https:\/\/kolektiva.social\/@laconquistadelpanda\">Mastodon<\/a> i <a href=\"https:\/\/kolektiva.media\/a\/la.conquista.del.panda\/video-channels\">Peertube<\/a> continguts de tercers que reflectisquen els valors que ens identifiquen i milloren la nostra capacitat de pensament cr\u00edtic.<\/li>\n<\/ul>\n<p style=\"text-align: center\">M'espera molta faena i diversi\u00f3 \ud83e\udd13<\/p>\n<p style=\"text-align: center\">I em fa molta il\u00b7lusi\u00f3 compartir-ho amb tu \ud83d\ude0d<\/p>\n<p style=\"text-align: center\">Per una millor cultura i un m\u00f3n millor!<\/p>\n<p><img loading=\"lazy\" decoding=\"async\" class=\"size-medium wp-image-34 aligncenter\" src=\"https:\/\/laconquistadelpanda.noblogs.org\/files\/2025\/01\/La-Conquista-del-Panda-2-300x300.png\" alt=\"\" width=\"300\" height=\"300\" srcset=\"https:\/\/laconquistadelpanda.noblogs.org\/files\/2025\/01\/La-Conquista-del-Panda-2-300x300.png 300w, https:\/\/laconquistadelpanda.noblogs.org\/files\/2025\/01\/La-Conquista-del-Panda-2-150x150.png 150w, https:\/\/laconquistadelpanda.noblogs.org\/files\/2025\/01\/La-Conquista-del-Panda-2.png 663w\" sizes=\"auto, (max-width: 300px) 100vw, 300px\" \/><\/p>\n<p style=\"text-align: center\">Amunt!<\/p>\n","protected":false},"excerpt":{"rendered":"<p>(Versi\u00f3n en espa\u00f1ol) (English version) Per a mi, continuar formant-me i desenrotllant-me \u00e9s una responsabilitat com a \u00e9sser hum\u00e0, un deure moral, en senyal de respecte pels nostres semblants (avantpassats, coetanis i descendents), i la resta de la biodiversitat. Crec &hellip; <a href=\"https:\/\/laconquistadelpanda.noblogs.org\/ca\/per-que-traduir-continguts-anarquistes\/\">Continua llegint <span class=\"meta-nav\">&rarr;<\/span><\/a><\/p>\n","protected":false},"author":20452,"featured_media":0,"parent":0,"menu_order":0,"comment_status":"closed","ping_status":"closed","template":"","meta":{"_locale":"ca","_original_post":"https:\/\/laconquistadelpanda.noblogs.org\/?page_id=253","footnotes":""},"class_list":["post-255","page","type-page","status-publish","hentry","ca"],"_links":{"self":[{"href":"https:\/\/laconquistadelpanda.noblogs.org\/wp-json\/wp\/v2\/pages\/255","targetHints":{"allow":["GET"]}}],"collection":[{"href":"https:\/\/laconquistadelpanda.noblogs.org\/wp-json\/wp\/v2\/pages"}],"about":[{"href":"https:\/\/laconquistadelpanda.noblogs.org\/wp-json\/wp\/v2\/types\/page"}],"author":[{"embeddable":true,"href":"https:\/\/laconquistadelpanda.noblogs.org\/wp-json\/wp\/v2\/users\/20452"}],"replies":[{"embeddable":true,"href":"https:\/\/laconquistadelpanda.noblogs.org\/wp-json\/wp\/v2\/comments?post=255"}],"version-history":[{"count":7,"href":"https:\/\/laconquistadelpanda.noblogs.org\/wp-json\/wp\/v2\/pages\/255\/revisions"}],"predecessor-version":[{"id":459,"href":"https:\/\/laconquistadelpanda.noblogs.org\/wp-json\/wp\/v2\/pages\/255\/revisions\/459"}],"wp:attachment":[{"href":"https:\/\/laconquistadelpanda.noblogs.org\/wp-json\/wp\/v2\/media?parent=255"}],"curies":[{"name":"wp","href":"https:\/\/api.w.org\/{rel}","templated":true}]}}