{"id":257,"date":"2025-03-18T08:56:41","date_gmt":"2025-03-18T07:56:41","guid":{"rendered":"https:\/\/laconquistadelpanda.noblogs.org\/?page_id=257"},"modified":"2025-04-23T14:15:23","modified_gmt":"2025-04-23T12:15:23","slug":"donacions","status":"publish","type":"page","link":"https:\/\/laconquistadelpanda.noblogs.org\/ca\/donacions\/","title":{"rendered":"Donacions"},"content":{"rendered":"<p style=\"text-align: center\" data-pm-slice=\"1 1 []\"><a href=\"https:\/\/laconquistadelpanda.noblogs.org\/donaciones\/\"><strong>(Versi\u00f3n en espa\u00f1ol)<\/strong><\/a><\/p>\n<p style=\"text-align: center\" data-pm-slice=\"1 1 []\">(<a href=\"https:\/\/laconquistadelpanda.noblogs.org\/en-GB\/donations\/\">English version<\/a>)<\/p>\n<p data-pm-slice=\"1 1 []\">La <strong>traducci\u00f3<\/strong> i <strong>edici\u00f3<\/strong> dels textos que componen <a href=\"https:\/\/www.labibliotecaanarquista.cat\">La Biblioteca Anarquista<\/a> ens suposa un gran esfor\u00e7 que fem amb molt de carinyo.<\/p>\n<p>En la mesura que oferim el nostre treball a tothom pel b\u00e9 com\u00fa, creiem important crear tamb\u00e9 formes de col\u00b7laboraci\u00f3 en la sostenibilitat d'aquest projecte que ens fa tanta il\u00b7lusi\u00f3 \ud83d\udc83\ud83d\udd7a<\/p>\n<p>Per tant, si t'agrada el nostre treball, <strong>considera fer una <\/strong><a href=\"https:\/\/opencollective.com\/la-conquista-del-panda\">donaci\u00f3<\/a><strong>\u00a0\u2665\ufe0f<\/strong><\/p>\n<p style=\"text-align: center\">Gr\u00e0cies i bona lectura!<\/p>\n<p><img loading=\"lazy\" decoding=\"async\" class=\"size-medium wp-image-250 aligncenter\" src=\"https:\/\/laconquistadelpanda.noblogs.org\/files\/2025\/03\/panda-reading-conquest-of-bread-300x300.webp\" alt=\"\" width=\"300\" height=\"300\" srcset=\"https:\/\/laconquistadelpanda.noblogs.org\/files\/2025\/03\/panda-reading-conquest-of-bread-300x300.webp 300w, https:\/\/laconquistadelpanda.noblogs.org\/files\/2025\/03\/panda-reading-conquest-of-bread-150x150.webp 150w, https:\/\/laconquistadelpanda.noblogs.org\/files\/2025\/03\/panda-reading-conquest-of-bread-768x768.webp 768w, https:\/\/laconquistadelpanda.noblogs.org\/files\/2025\/03\/panda-reading-conquest-of-bread.webp 1024w\" sizes=\"auto, (max-width: 300px) 100vw, 300px\" \/><\/p>\n","protected":false},"excerpt":{"rendered":"<p>(Versi\u00f3n en espa\u00f1ol) (English version) La traducci\u00f3 i edici\u00f3 dels textos que componen La Biblioteca Anarquista ens suposa un gran esfor\u00e7 que fem amb molt de carinyo. En la mesura que oferim el nostre treball a tothom pel b\u00e9 com\u00fa, &hellip; <a href=\"https:\/\/laconquistadelpanda.noblogs.org\/ca\/donacions\/\">Continua llegint <span class=\"meta-nav\">&rarr;<\/span><\/a><\/p>\n","protected":false},"author":20452,"featured_media":0,"parent":0,"menu_order":0,"comment_status":"closed","ping_status":"closed","template":"","meta":{"_locale":"ca","_original_post":"https:\/\/laconquistadelpanda.noblogs.org\/?page_id=236","footnotes":""},"class_list":["post-257","page","type-page","status-publish","hentry","ca"],"_links":{"self":[{"href":"https:\/\/laconquistadelpanda.noblogs.org\/wp-json\/wp\/v2\/pages\/257","targetHints":{"allow":["GET"]}}],"collection":[{"href":"https:\/\/laconquistadelpanda.noblogs.org\/wp-json\/wp\/v2\/pages"}],"about":[{"href":"https:\/\/laconquistadelpanda.noblogs.org\/wp-json\/wp\/v2\/types\/page"}],"author":[{"embeddable":true,"href":"https:\/\/laconquistadelpanda.noblogs.org\/wp-json\/wp\/v2\/users\/20452"}],"replies":[{"embeddable":true,"href":"https:\/\/laconquistadelpanda.noblogs.org\/wp-json\/wp\/v2\/comments?post=257"}],"version-history":[{"count":7,"href":"https:\/\/laconquistadelpanda.noblogs.org\/wp-json\/wp\/v2\/pages\/257\/revisions"}],"predecessor-version":[{"id":414,"href":"https:\/\/laconquistadelpanda.noblogs.org\/wp-json\/wp\/v2\/pages\/257\/revisions\/414"}],"wp:attachment":[{"href":"https:\/\/laconquistadelpanda.noblogs.org\/wp-json\/wp\/v2\/media?parent=257"}],"curies":[{"name":"wp","href":"https:\/\/api.w.org\/{rel}","templated":true}]}}