{"id":423,"date":"2025-04-24T09:09:42","date_gmt":"2025-04-24T07:09:42","guid":{"rendered":"https:\/\/laconquistadelpanda.noblogs.org\/?page_id=423"},"modified":"2025-04-24T09:13:56","modified_gmt":"2025-04-24T07:13:56","slug":"inicio","status":"publish","type":"page","link":"https:\/\/laconquistadelpanda.noblogs.org\/","title":{"rendered":"Inici"},"content":{"rendered":"<p class=\"has-text-align-center\" style=\"text-align: center\"><strong>(Versi\u00f3n en espa\u00f1ol)<\/strong><\/p>\r\n<p style=\"text-align: center\">(<a href=\"https:\/\/laconquistadelpanda.noblogs.org\/en-GB\/\">English version<\/a>)<\/p>\r\n<p><!-- \/wp:post-content -->\r\n\r\n<!-- wp:paragraph --><\/p>\r\n<p>La Conquesta del Panda administra la versi\u00f3 catalana de <a href=\"https:\/\/ca.anarchistlibraries.net\"><strong>La Biblioteca Anarquista<\/strong><\/a>, un projecte sense \u00e0nim de lucre per a la creaci\u00f3 i divulgaci\u00f3 de continguts amb valors anarquistes i de lliure acc\u00e9s per a tothom.<\/p>\r\n<p><!-- \/wp:paragraph -->\r\n\r\n<!-- wp:image {\"id\":268,\"align\":\"center\"} --><\/p>\r\n<figure class=\"wp-block-image aligncenter\"><img loading=\"lazy\" decoding=\"async\" width=\"300\" height=\"300\" class=\"wp-image-268 aligncenter\" src=\"https:\/\/laconquistadelpanda.noblogs.org\/files\/2025\/03\/300x300-panda-image.png\" alt=\"\" srcset=\"https:\/\/laconquistadelpanda.noblogs.org\/files\/2025\/03\/300x300-panda-image.png 300w, https:\/\/laconquistadelpanda.noblogs.org\/files\/2025\/03\/300x300-panda-image-150x150.png 150w\" sizes=\"auto, (max-width: 300px) 100vw, 300px\" \/><\/figure>\r\n<p>Els continguts de la biblioteca s\u00f3n de lliure acc\u00e9s per a tothom i estan baix llicencia <a href=\"https:\/\/creativecommons.org\/licenses\/by-nc-sa\/4.0\/deed.ca\">CC BY-NC-SA 4.0<\/a> per a la seua lliure desc\u00e0rrega en diferents formats (pdf, epub, txt, etc.).<\/p>\r\n<p>A m\u00e9s, est\u00e0 pensada per a totes aquelles persones que vulguen fer cr\u00e9ixer la biblioteca aportant m\u00e9s textos en llengua catalana. Contacta'ns a trav\u00e9s de l'email de m\u00e9s a baix si t'interessa.<\/p>\r\n<p><!-- \/wp:image -->\r\n\r\n<!-- wp:paragraph --><\/p>\r\n<p style=\"text-align: center\">Gr\u00e0cies per la teua atenci\u00f3!<\/p>\r\n<p><!-- \/wp:paragraph -->\r\n\r\n<!-- wp:image {\"id\":30,\"align\":\"center\"} --><\/p>\r\n<figure class=\"wp-block-image aligncenter\"><img loading=\"lazy\" decoding=\"async\" width=\"300\" height=\"300\" class=\"wp-image-30 aligncenter\" src=\"https:\/\/laconquistadelpanda.noblogs.org\/files\/2025\/01\/La-Conquista-del-Panda-3-300x300.png\" alt=\"\" srcset=\"https:\/\/laconquistadelpanda.noblogs.org\/files\/2025\/01\/La-Conquista-del-Panda-3-300x300.png 300w, https:\/\/laconquistadelpanda.noblogs.org\/files\/2025\/01\/La-Conquista-del-Panda-3-150x150.png 150w, https:\/\/laconquistadelpanda.noblogs.org\/files\/2025\/01\/La-Conquista-del-Panda-3-301x300.png 301w, https:\/\/laconquistadelpanda.noblogs.org\/files\/2025\/01\/La-Conquista-del-Panda-3.png 663w\" sizes=\"auto, (max-width: 300px) 100vw, 300px\" \/><\/figure>\r\n<p style=\"text-align: center\"><strong>Vols ajudar-nos? <\/strong>Considera fer una <strong><a href=\"https:\/\/opencollective.com\/la-conquista-del-panda\">donaci\u00f3<\/a>\u00a0\u2665\ufe0f<\/strong><\/p>\r\n<p><!-- \/wp:image -->\r\n\r\n<!-- wp:paragraph {\"align\":\"center\"} --><\/p>\r\n<p class=\"has-text-align-center\">\u00a0<\/p>\r\n<!-- wp:separator --><hr class=\"wp-block-separator has-alpha-channel-opacity\" \/><!-- \/wp:separator -->\r\n<p>&nbsp;<\/p>\r\n<!-- wp:buttons {\"layout\":{\"type\":\"flex\",\"verticalAlignment\":\"center\",\"justifyContent\":\"center\"}} -->\r\n<div class=\"wp-block-buttons\"><!-- wp:button -->\r\n<div class=\"wp-block-button\"><a class=\"wp-block-button__link wp-element-button\" href=\"https:\/\/mastodon.social\/@laconquistadelpanda@kolektiva.social\">Mastodon<\/a><\/div>\r\n<!-- \/wp:button -->\r\n\r\n<!-- wp:button -->\r\n<div class=\"wp-block-button\"><a class=\"wp-block-button__link wp-element-button\" href=\"https:\/\/kolektiva.media\/a\/la.conquista.del.panda\/video-channels\">Peertube<\/a><\/div>\r\n<!-- \/wp:button --><\/div>\r\n<!-- \/wp:buttons -->\r\n<p>&nbsp;<\/p>\r\n<!-- wp:heading {\"textAlign\":\"center\"} -->\r\n<h2 class=\"wp-block-heading has-text-align-center\">\u2709\ufe0f laconquistadelpanda@disroot.org<\/h2>\r\n<!-- \/wp:heading -->\r\n<p>&nbsp;<\/p>\r\n<!-- wp:code -->\r\n<pre class=\"wp-block-code\"><code><\/code><\/pre>\r\n<!-- \/wp:code -->\r\n<p>&nbsp;<\/p>\r\n<!-- wp:paragraph -->\r\n<p>&nbsp;<\/p>\r\n<!-- \/wp:paragraph -->","protected":false},"excerpt":{"rendered":"<p>(Versi\u00f3n en espa\u00f1ol) (English version) La Conquesta del Panda administra la versi\u00f3 catalana de La Biblioteca Anarquista, un projecte sense \u00e0nim de lucre per a la creaci\u00f3 i divulgaci\u00f3 de continguts amb valors anarquistes i de lliure acc\u00e9s per a &hellip; <a href=\"https:\/\/laconquistadelpanda.noblogs.org\/\">Continua llegint <span class=\"meta-nav\">&rarr;<\/span><\/a><\/p>\n","protected":false},"author":20452,"featured_media":0,"parent":0,"menu_order":0,"comment_status":"closed","ping_status":"closed","template":"","meta":{"_locale":"ca","_original_post":"https:\/\/laconquistadelpanda.noblogs.org\/?page_id=22","footnotes":""},"class_list":["post-423","page","type-page","status-publish","hentry","ca"],"_links":{"self":[{"href":"https:\/\/laconquistadelpanda.noblogs.org\/wp-json\/wp\/v2\/pages\/423","targetHints":{"allow":["GET"]}}],"collection":[{"href":"https:\/\/laconquistadelpanda.noblogs.org\/wp-json\/wp\/v2\/pages"}],"about":[{"href":"https:\/\/laconquistadelpanda.noblogs.org\/wp-json\/wp\/v2\/types\/page"}],"author":[{"embeddable":true,"href":"https:\/\/laconquistadelpanda.noblogs.org\/wp-json\/wp\/v2\/users\/20452"}],"replies":[{"embeddable":true,"href":"https:\/\/laconquistadelpanda.noblogs.org\/wp-json\/wp\/v2\/comments?post=423"}],"version-history":[{"count":3,"href":"https:\/\/laconquistadelpanda.noblogs.org\/wp-json\/wp\/v2\/pages\/423\/revisions"}],"predecessor-version":[{"id":428,"href":"https:\/\/laconquistadelpanda.noblogs.org\/wp-json\/wp\/v2\/pages\/423\/revisions\/428"}],"wp:attachment":[{"href":"https:\/\/laconquistadelpanda.noblogs.org\/wp-json\/wp\/v2\/media?parent=423"}],"curies":[{"name":"wp","href":"https:\/\/api.w.org\/{rel}","templated":true}]}}