{"id":95,"date":"2025-02-12T17:09:04","date_gmt":"2025-02-12T16:09:04","guid":{"rendered":"https:\/\/laconquistadelpanda.noblogs.org\/?page_id=95"},"modified":"2025-06-23T09:26:17","modified_gmt":"2025-06-23T07:26:17","slug":"manifest","status":"publish","type":"page","link":"https:\/\/laconquistadelpanda.noblogs.org\/ca\/manifest\/","title":{"rendered":"Manifest"},"content":{"rendered":"<ul>\n<li><strong><a href=\"https:\/\/laconquistadelpanda.noblogs.org\/manifiesto\/\">Versi\u00f3n en espa\u00f1ol<\/a>.<\/strong><\/li>\n<li><strong><a href=\"https:\/\/laconquistadelpanda.noblogs.org\/en-US\/manifesto\/\">English version<\/a><\/strong>.<\/li>\n<\/ul>\n<h2 style=\"text-align: center\"><strong>QUI SOC?<\/strong><\/h2>\n<p>Em dic Rafa i soc anarquista. Vaig n\u00e0ixer i cr\u00e9ixer en l'<a href=\"https:\/\/ca.wikipedia.org\/wiki\/Horta_Sud\">Horta Sud<\/a>, comarca del <a href=\"https:\/\/ca.wikipedia.org\/wiki\/Pa%C3%ADs_Valenci%C3%A0\">Pa\u00eds Val\u00e8ncia<\/a>, en l'anomenada Espanya, i vull superar el sistema actual treballant per un millor, per a totes. Un m\u00f3n, un amor.<\/p>\n<p><img loading=\"lazy\" decoding=\"async\" class=\"size-medium wp-image-25 aligncenter\" src=\"https:\/\/laconquistadelpanda.noblogs.org\/files\/2025\/01\/trade-free-logo-1-1-245x300.png\" alt=\"\" width=\"245\" height=\"300\" srcset=\"https:\/\/laconquistadelpanda.noblogs.org\/files\/2025\/01\/trade-free-logo-1-1-245x300.png 245w, https:\/\/laconquistadelpanda.noblogs.org\/files\/2025\/01\/trade-free-logo-1-1-837x1024.png 837w, https:\/\/laconquistadelpanda.noblogs.org\/files\/2025\/01\/trade-free-logo-1-1-768x939.png 768w, https:\/\/laconquistadelpanda.noblogs.org\/files\/2025\/01\/trade-free-logo-1-1.png 950w\" sizes=\"auto, (max-width: 245px) 100vw, 245px\" \/><\/p>\n<h2 style=\"text-align: center\"><strong>LA MEUA VISI\u00d3 (versi\u00f3 simple)<\/strong><\/h2>\n<p>Imagine un m\u00f3n en el qual la humanitat treballe unida per a cobrir les necessitats de totes les persones, de manera que puguem restaurar els ecosistemes i explorar el planeta i l'univers en una aventura conjunta. Eixe \u00e9s el m\u00f3n en el qual vull viure.<\/p>\n<p><img loading=\"lazy\" decoding=\"async\" class=\"size-medium wp-image-27 aligncenter\" src=\"https:\/\/laconquistadelpanda.noblogs.org\/files\/2025\/01\/The_Blue_Marble_remastered-300x300.jpg\" alt=\"\" width=\"300\" height=\"300\" srcset=\"https:\/\/laconquistadelpanda.noblogs.org\/files\/2025\/01\/The_Blue_Marble_remastered-300x300.jpg 300w, https:\/\/laconquistadelpanda.noblogs.org\/files\/2025\/01\/The_Blue_Marble_remastered-1024x1024.jpg 1024w, https:\/\/laconquistadelpanda.noblogs.org\/files\/2025\/01\/The_Blue_Marble_remastered-150x150.jpg 150w, https:\/\/laconquistadelpanda.noblogs.org\/files\/2025\/01\/The_Blue_Marble_remastered-768x768.jpg 768w, https:\/\/laconquistadelpanda.noblogs.org\/files\/2025\/01\/The_Blue_Marble_remastered-1536x1536.jpg 1536w, https:\/\/laconquistadelpanda.noblogs.org\/files\/2025\/01\/The_Blue_Marble_remastered-2048x2048.jpg 2048w\" sizes=\"auto, (max-width: 300px) 100vw, 300px\" \/><\/p>\n<h2 style=\"text-align: center\"><strong>PROPOSTA<\/strong><\/h2>\n<p>Per a aix\u00f2, advoque per dur a terme <strong><a href=\"https:\/\/es.anarchistlibraries.net\/library\/piotr-kropotkin-la-conquista-del-pan\" target=\"_blank\" rel=\"noopener\">La Conquesta del P\u00e0<\/a> [1] <\/strong>de <a href=\"https:\/\/ca.wikipedia.org\/wiki\/Piotr_Kropotkin\" target=\"_blank\" rel=\"noopener\">Kropotkin<\/a> actualitzant-la al que coneixem hui, que per a mi est\u00e0 en la l\u00ednia de la <a href=\"https:\/\/www.youtube.com\/results?search_query=the+purple+transition\" target=\"_blank\" rel=\"noopener\">Transici\u00f3 Porpra<\/a> de <a href=\"https:\/\/www.simonmichaux.com\/\">Simon Michaux<\/a>. Esta desmitifica (com <a href=\"https:\/\/es.wikipedia.org\/wiki\/Antonio_Turiel_Mart%C3%ADnez\">Antonio Turiel<\/a>) la <a href=\"https:\/\/crashoil.blogspot.com\/2021\/05\/algunas-preguntas-incomodas.html\" target=\"_blank\" rel=\"noopener\">Transici\u00f3 Verda<\/a> a les renovables dins d'un sistema de mercat, assenyala les limitacions de l'<a href=\"https:\/\/ca.wikipedia.org\/wiki\/Economia_circular\">Economia Circular<\/a> i proposa millores a trav\u00e9s de l'<a href=\"https:\/\/mia.nl.tab.digital\/s\/Ex7o9KzBpHWaBxe\" target=\"_blank\" rel=\"noopener\"><em><strong>Economia Balancejada de Recursos<\/strong><\/em><\/a>\u00a0(inspirada en l'<a href=\"https:\/\/youtu.be\/SFTP2AOzzrQ?si=Paw2W7Hp7LnPWa-1\">Economia Basada en Recursos<\/a> que varen defendre en el seu dia <a href=\"https:\/\/es.wikipedia.org\/wiki\/Jacque_Fresco\">Jacque Fresco<\/a> del <a href=\"https:\/\/www.thevenusproject.com\/\">Projecte Venus<\/a>, i <a href=\"https:\/\/es.wikipedia.org\/wiki\/Peter_Joseph\">Peter Joseph<\/a> del <a href=\"https:\/\/www.thezeitgeistmovement.com\/\">Moviment Zeitgeist<\/a>).\u00a0Alhora, tant Turiel com Michaux estan influenciats per la gran faena de <a href=\"https:\/\/ca.wikipedia.org\/wiki\/Donella_Meadows\" rel=\"noopener noreferrer nofollow\" data-md-href=\" https:\/\/ca.wikipedia.org\/wiki\/Donella_Meadows\">Donella Meadows<\/a> i els seus col\u00b7legues en \"Els L\u00edmits del Creixement\" (i les seues futures revisions), per enc\u00e0rrec del Club de Roma.<\/p>\n<h2 style=\"text-align: center\"><strong>TRANSICI\u00d3 I MITJANS<\/strong><\/h2>\n<p>Els medis que contemple per a treballar en qualsevol proposta que trobem que s'apropa o s'alinea m\u00e9s a aquesta visi\u00f3, son els de l'Anarquia, espec\u00edficament, l'<a href=\"https:\/\/ca.wikipedia.org\/wiki\/Comunisme_llibertari\">Anarco-comunisme<\/a>.<\/p>\n<p><img loading=\"lazy\" decoding=\"async\" class=\"mw-file-element aligncenter\" src=\"https:\/\/upload.wikimedia.org\/wikipedia\/commons\/thumb\/d\/d3\/Anarchist_flag.svg\/220px-Anarchist_flag.svg.png\" width=\"220\" height=\"147\" data-file-width=\"512\" data-file-height=\"341\" \/><\/p>\n<p>Aix\u00f2 \u00e9s, en poques paraules i de forma molt simplificada, canviar les estructures i institucions de presa de decisions que posse\u00efxen el poder de forma centralitzada i jer\u00e0rquica (autoritaria); per organitzacions que posse\u00efsquen el poder de forma descentralitzada i horitzontal (anarquistes), mitjan\u00e7ant l'aplicaci\u00f3 del m\u00e8tode cient\u00edfic per arribar a decisions i acords en els assumptes socials.<\/p>\n<p><img loading=\"lazy\" decoding=\"async\" class=\"sFlh5c FyHeAf iPVvYb aligncenter\" src=\"https:\/\/img.freepik.com\/free-vector\/hand-drawn-flat-design-anarchy-symbol_23-2149253504.jpg\" alt=\"Anarchy Logo Images - Free Download on Freepik\" width=\"148\" height=\"148\" aria-hidden=\"false\" \/><\/p>\n<p style=\"text-align: center\">Benvingudes a <strong>La Conquesta del Panda \ud83d\ude42<\/strong><\/p>\n<p style=\"text-align: center\">Gr\u00e0cies per la teua atenci\u00f3!<\/p>\n<p><img loading=\"lazy\" decoding=\"async\" class=\"size-medium wp-image-33 aligncenter\" src=\"https:\/\/laconquistadelpanda.noblogs.org\/files\/2025\/01\/La-Conquista-del-Panda-300x300.png\" alt=\"\" width=\"300\" height=\"300\" srcset=\"https:\/\/laconquistadelpanda.noblogs.org\/files\/2025\/01\/La-Conquista-del-Panda-300x300.png 300w, https:\/\/laconquistadelpanda.noblogs.org\/files\/2025\/01\/La-Conquista-del-Panda-150x150.png 150w, https:\/\/laconquistadelpanda.noblogs.org\/files\/2025\/01\/La-Conquista-del-Panda-299x300.png 299w, https:\/\/laconquistadelpanda.noblogs.org\/files\/2025\/01\/La-Conquista-del-Panda.png 658w\" sizes=\"auto, (max-width: 300px) 100vw, 300px\" \/><\/p>\n<p><!--more--><\/p>\n<h2 style=\"text-align: center\"><strong>DESC\u00c0RREC DE RESPONSABILITAT<\/strong><\/h2>\n<p>Este manifest pot, amb el temps, mantindre's, canviar un poc o molt. No ser\u00e9 esclau, i menys de les meues paraules. Romanc obert a noves idees.<\/p>\n<p><strong>PD.<\/strong> Perqu\u00e8 pugues entendre millor el que vull dir amb tot aix\u00f2, he deixat enlla\u00e7os en el text. Pren-te el teu temps i la llibertat per a explorar-los \ud83d\ude42<\/p>\n<p><strong>[1]<\/strong> d'ac\u00ed la inspiraci\u00f3 per al nom d'aquest projecte.<\/p>\n","protected":false},"excerpt":{"rendered":"<p>Versi\u00f3n en espa\u00f1ol. English version. QUI SOC? Em dic Rafa i soc anarquista. Vaig n\u00e0ixer i cr\u00e9ixer en l'Horta Sud, comarca del Pa\u00eds Val\u00e8ncia, en l'anomenada Espanya, i vull superar el sistema actual treballant per un millor, per a totes. &hellip; <a href=\"https:\/\/laconquistadelpanda.noblogs.org\/ca\/manifest\/\">Continua llegint <span class=\"meta-nav\">&rarr;<\/span><\/a><\/p>\n","protected":false},"author":20452,"featured_media":33,"parent":0,"menu_order":0,"comment_status":"closed","ping_status":"closed","template":"","meta":{"_locale":"ca","_original_post":"https:\/\/laconquistadelpanda.noblogs.org\/?page_id=52","footnotes":""},"class_list":["post-95","page","type-page","status-publish","has-post-thumbnail","hentry","ca"],"_links":{"self":[{"href":"https:\/\/laconquistadelpanda.noblogs.org\/wp-json\/wp\/v2\/pages\/95","targetHints":{"allow":["GET"]}}],"collection":[{"href":"https:\/\/laconquistadelpanda.noblogs.org\/wp-json\/wp\/v2\/pages"}],"about":[{"href":"https:\/\/laconquistadelpanda.noblogs.org\/wp-json\/wp\/v2\/types\/page"}],"author":[{"embeddable":true,"href":"https:\/\/laconquistadelpanda.noblogs.org\/wp-json\/wp\/v2\/users\/20452"}],"replies":[{"embeddable":true,"href":"https:\/\/laconquistadelpanda.noblogs.org\/wp-json\/wp\/v2\/comments?post=95"}],"version-history":[{"count":11,"href":"https:\/\/laconquistadelpanda.noblogs.org\/wp-json\/wp\/v2\/pages\/95\/revisions"}],"predecessor-version":[{"id":472,"href":"https:\/\/laconquistadelpanda.noblogs.org\/wp-json\/wp\/v2\/pages\/95\/revisions\/472"}],"wp:featuredmedia":[{"embeddable":true,"href":"https:\/\/laconquistadelpanda.noblogs.org\/wp-json\/wp\/v2\/media\/33"}],"wp:attachment":[{"href":"https:\/\/laconquistadelpanda.noblogs.org\/wp-json\/wp\/v2\/media?parent=95"}],"curies":[{"name":"wp","href":"https:\/\/api.w.org\/{rel}","templated":true}]}}