{"id":412,"date":"2025-04-23T14:14:51","date_gmt":"2025-04-23T12:14:51","guid":{"rendered":"https:\/\/laconquistadelpanda.noblogs.org\/?page_id=412"},"modified":"2025-04-23T14:14:51","modified_gmt":"2025-04-23T12:14:51","slug":"donations","status":"publish","type":"page","link":"https:\/\/laconquistadelpanda.noblogs.org\/en-GB\/donations\/","title":{"rendered":"Donations"},"content":{"rendered":"<p style=\"text-align: center\">(<a href=\"https:\/\/laconquistadelpanda.noblogs.org\/ca\/donacions\/\"><strong>Versi\u00f3 en valenci\u00e0<\/strong><\/a>)<\/p>\n<p style=\"text-align: center\">(<a href=\"https:\/\/laconquistadelpanda.noblogs.org\/donaciones\/\">Versi\u00f3n en espa\u00f1ol<\/a>)<\/p>\n<p>The <strong>translation<\/strong> and <strong>editing<\/strong> of the texts that compose the catalan version of <a href=\"https:\/\/www.labibliotecaanarquista.cat\">La Biblioteca Anarquista<\/a> is a great effort that we make with great affection.<\/p>\n<p>To the extent that we offer our work to everyone for the common good, we believe it is important to also create forms of collaboration in the sustainability of this project that makes us so excited \ud83d\udc83\ud83d\udd7a.<\/p>\n<p>So, if you like our work, please consider making a <a href=\"https:\/\/opencollective.com\/la-conquista-del-panda\">donation<\/a> \u2764\ufe0f.<\/p>\n<p style=\"text-align: center\">Thank you and good reading!<\/p>\n<p><img loading=\"lazy\" decoding=\"async\" class=\"size-medium wp-image-250 aligncenter\" src=\"https:\/\/laconquistadelpanda.noblogs.org\/files\/2025\/03\/panda-reading-conquest-of-bread-300x300.webp\" alt=\"\" width=\"300\" height=\"300\" srcset=\"https:\/\/laconquistadelpanda.noblogs.org\/files\/2025\/03\/panda-reading-conquest-of-bread-300x300.webp 300w, https:\/\/laconquistadelpanda.noblogs.org\/files\/2025\/03\/panda-reading-conquest-of-bread-150x150.webp 150w, https:\/\/laconquistadelpanda.noblogs.org\/files\/2025\/03\/panda-reading-conquest-of-bread-768x768.webp 768w, https:\/\/laconquistadelpanda.noblogs.org\/files\/2025\/03\/panda-reading-conquest-of-bread.webp 1024w\" sizes=\"auto, (max-width: 300px) 100vw, 300px\" \/><\/p>\n","protected":false},"excerpt":{"rendered":"<p>(Versi\u00f3 en valenci\u00e0) (Versi\u00f3n en espa\u00f1ol) The translation and editing of the texts that compose the catalan version of La Biblioteca Anarquista is a great effort that we make with great affection. To the extent that we offer our work &hellip; <a href=\"https:\/\/laconquistadelpanda.noblogs.org\/en-GB\/donations\/\">Continue reading <span class=\"meta-nav\">&rarr;<\/span><\/a><\/p>\n","protected":false},"author":20452,"featured_media":0,"parent":0,"menu_order":0,"comment_status":"closed","ping_status":"closed","template":"","meta":{"_locale":"en_GB","_original_post":"https:\/\/laconquistadelpanda.noblogs.org\/?page_id=236","footnotes":""},"class_list":["post-412","page","type-page","status-publish","hentry","en-GB"],"_links":{"self":[{"href":"https:\/\/laconquistadelpanda.noblogs.org\/wp-json\/wp\/v2\/pages\/412","targetHints":{"allow":["GET"]}}],"collection":[{"href":"https:\/\/laconquistadelpanda.noblogs.org\/wp-json\/wp\/v2\/pages"}],"about":[{"href":"https:\/\/laconquistadelpanda.noblogs.org\/wp-json\/wp\/v2\/types\/page"}],"author":[{"embeddable":true,"href":"https:\/\/laconquistadelpanda.noblogs.org\/wp-json\/wp\/v2\/users\/20452"}],"replies":[{"embeddable":true,"href":"https:\/\/laconquistadelpanda.noblogs.org\/wp-json\/wp\/v2\/comments?post=412"}],"version-history":[{"count":1,"href":"https:\/\/laconquistadelpanda.noblogs.org\/wp-json\/wp\/v2\/pages\/412\/revisions"}],"predecessor-version":[{"id":415,"href":"https:\/\/laconquistadelpanda.noblogs.org\/wp-json\/wp\/v2\/pages\/412\/revisions\/415"}],"wp:attachment":[{"href":"https:\/\/laconquistadelpanda.noblogs.org\/wp-json\/wp\/v2\/media?parent=412"}],"curies":[{"name":"wp","href":"https:\/\/api.w.org\/{rel}","templated":true}]}}