{"id":430,"date":"2025-04-24T09:29:07","date_gmt":"2025-04-24T07:29:07","guid":{"rendered":"https:\/\/laconquistadelpanda.noblogs.org\/?page_id=430"},"modified":"2025-04-24T09:29:07","modified_gmt":"2025-04-24T07:29:07","slug":"inicio","status":"publish","type":"page","link":"https:\/\/laconquistadelpanda.noblogs.org\/","title":{"rendered":"Home"},"content":{"rendered":"<p style=\"text-align: center\"><strong>(<a href=\"https:\/\/laconquistadelpanda.noblogs.org\/ca\/?preview=true\">Versi\u00f3 en valenci\u00e0<\/a>)<\/strong><\/p>\r\n<p class=\"has-text-align-center\" style=\"text-align: center\"><strong>(<a href=\"https:\/\/laconquistadelpanda.noblogs.org\/\">Versi\u00f3n en espa\u00f1ol<\/a>)<\/strong><\/p>\r\n<p style=\"text-align: center\"><!-- \/wp:post-content -->\r\n\r\n<!-- wp:paragraph --><\/p>\r\n<p><em><strong>La Conquista del Panda<\/strong><\/em> (The Panda's Conquest) manages the Catalan version of <a href=\"https:\/\/ca.anarchistlibraries.net\"><strong>La Biblioteca Anarquista<\/strong><\/a> (The Anarchist Library), a non-profit, self-managed and alternative project for the creation, archiving and dissemination of texts with anarchist values.<\/p>\r\n<p style=\"text-align: center\"><!-- \/wp:paragraph -->\r\n\r\n<!-- wp:image {\"id\":268,\"align\":\"center\"} --><\/p>\r\n<figure class=\"wp-block-image aligncenter\"><img loading=\"lazy\" decoding=\"async\" width=\"300\" height=\"300\" class=\"wp-image-268 aligncenter\" src=\"https:\/\/laconquistadelpanda.noblogs.org\/files\/2025\/03\/300x300-panda-image.png\" alt=\"\" srcset=\"https:\/\/laconquistadelpanda.noblogs.org\/files\/2025\/03\/300x300-panda-image.png 300w, https:\/\/laconquistadelpanda.noblogs.org\/files\/2025\/03\/300x300-panda-image-150x150.png 150w\" sizes=\"auto, (max-width: 300px) 100vw, 300px\" \/><\/figure>\r\n<p>The contents of the library are freely accessible to everyone and are licensed under <a href=\"https:\/\/creativecommons.org\/licenses\/by-nc-sa\/4.0\/deed.en\">CC BY-NC-SA 4.0<\/a> for free download in different formats (pdf, epub, txt, etc.).<\/p>\r\n<p>In addition, it is designed for all those who want to make the library grow by contributing more texts in Catalan. Contact us through the email below if you are interested.<\/p>\r\n<p style=\"text-align: center\">Thanks for your attention!<\/p>\r\n<p style=\"text-align: center\"><!-- \/wp:image -->\r\n\r\n<!-- wp:image {\"id\":30,\"align\":\"center\"} --><\/p>\r\n<figure class=\"wp-block-image aligncenter\"><img loading=\"lazy\" decoding=\"async\" width=\"300\" height=\"300\" class=\"wp-image-30 aligncenter\" src=\"https:\/\/laconquistadelpanda.noblogs.org\/files\/2025\/01\/La-Conquista-del-Panda-3-300x300.png\" alt=\"\" srcset=\"https:\/\/laconquistadelpanda.noblogs.org\/files\/2025\/01\/La-Conquista-del-Panda-3-300x300.png 300w, https:\/\/laconquistadelpanda.noblogs.org\/files\/2025\/01\/La-Conquista-del-Panda-3-150x150.png 150w, https:\/\/laconquistadelpanda.noblogs.org\/files\/2025\/01\/La-Conquista-del-Panda-3-301x300.png 301w, https:\/\/laconquistadelpanda.noblogs.org\/files\/2025\/01\/La-Conquista-del-Panda-3.png 663w\" sizes=\"auto, (max-width: 300px) 100vw, 300px\" \/><\/figure>\r\n<p style=\"text-align: center\"><!-- \/wp:image -->\r\n\r\n<!-- wp:paragraph {\"align\":\"center\"} --><\/p>\r\n<p class=\"has-text-align-center\"><!-- \/wp:paragraph -->\r\n\r\n<!-- wp:paragraph --><\/p>\r\n<p style=\"text-align: center\"><strong>Want to help us?<\/strong> Consider making a <a href=\"https:\/\/opencollective.com\/la-conquista-del-panda\">donation<\/a><strong> \u2665\ufe0f.<\/strong><\/p>\r\n<!-- wp:separator --><hr class=\"wp-block-separator has-alpha-channel-opacity\" \/><!-- \/wp:separator -->\r\n\r\n<!-- wp:buttons {\"layout\":{\"type\":\"flex\",\"verticalAlignment\":\"center\",\"justifyContent\":\"center\"}} -->\r\n<div class=\"wp-block-buttons\"><!-- wp:button -->\r\n<div class=\"wp-block-button\"><a class=\"wp-block-button__link wp-element-button\" href=\"https:\/\/mastodon.social\/@laconquistadelpanda@kolektiva.social\">Mastodon<\/a><\/div>\r\n<!-- \/wp:button -->\r\n\r\n<!-- wp:button -->\r\n<div class=\"wp-block-button\"><a class=\"wp-block-button__link wp-element-button\" href=\"https:\/\/kolektiva.media\/a\/la.conquista.del.panda\/video-channels\">Peertube<\/a><\/div>\r\n<!-- \/wp:button --><\/div>\r\n<!-- \/wp:buttons -->\r\n\r\n<!-- wp:heading {\"textAlign\":\"center\"} -->\r\n<h2 class=\"wp-block-heading has-text-align-center\">\u2709\ufe0f laconquistadelpanda@disroot.org<\/h2>\r\n<!-- \/wp:heading -->\r\n\r\n<!-- wp:code -->\r\n<pre class=\"wp-block-code\"><code><\/code><\/pre>\r\n<!-- \/wp:code -->\r\n\r\n<!-- wp:paragraph -->\r\n<p>&nbsp;<\/p>\r\n<!-- \/wp:paragraph -->","protected":false},"excerpt":{"rendered":"<p>(Versi\u00f3 en valenci\u00e0) (Versi\u00f3n en espa\u00f1ol) La Conquista del Panda (The Panda's Conquest) manages the Catalan version of La Biblioteca Anarquista (The Anarchist Library), a non-profit, self-managed and alternative project for the creation, archiving and dissemination of texts with anarchist &hellip; <a href=\"https:\/\/laconquistadelpanda.noblogs.org\/\">Continue reading <span class=\"meta-nav\">&rarr;<\/span><\/a><\/p>\n","protected":false},"author":20452,"featured_media":0,"parent":0,"menu_order":0,"comment_status":"closed","ping_status":"closed","template":"","meta":{"_locale":"en_GB","_original_post":"https:\/\/laconquistadelpanda.noblogs.org\/?page_id=22","footnotes":""},"class_list":["post-430","page","type-page","status-publish","hentry","en-GB"],"_links":{"self":[{"href":"https:\/\/laconquistadelpanda.noblogs.org\/wp-json\/wp\/v2\/pages\/430","targetHints":{"allow":["GET"]}}],"collection":[{"href":"https:\/\/laconquistadelpanda.noblogs.org\/wp-json\/wp\/v2\/pages"}],"about":[{"href":"https:\/\/laconquistadelpanda.noblogs.org\/wp-json\/wp\/v2\/types\/page"}],"author":[{"embeddable":true,"href":"https:\/\/laconquistadelpanda.noblogs.org\/wp-json\/wp\/v2\/users\/20452"}],"replies":[{"embeddable":true,"href":"https:\/\/laconquistadelpanda.noblogs.org\/wp-json\/wp\/v2\/comments?post=430"}],"version-history":[{"count":1,"href":"https:\/\/laconquistadelpanda.noblogs.org\/wp-json\/wp\/v2\/pages\/430\/revisions"}],"predecessor-version":[{"id":431,"href":"https:\/\/laconquistadelpanda.noblogs.org\/wp-json\/wp\/v2\/pages\/430\/revisions\/431"}],"wp:attachment":[{"href":"https:\/\/laconquistadelpanda.noblogs.org\/wp-json\/wp\/v2\/media?parent=430"}],"curies":[{"name":"wp","href":"https:\/\/api.w.org\/{rel}","templated":true}]}}